{"id":876,"date":"2025-11-26T17:55:06","date_gmt":"2025-11-26T17:55:06","guid":{"rendered":"https:\/\/www.edwardrussell.co.uk\/?page_id=876"},"modified":"2026-01-21T07:06:30","modified_gmt":"2026-01-21T07:06:30","slug":"script-supervisor","status":"publish","type":"page","link":"https:\/\/www.edwardrussell.co.uk\/?page_id=876","title":{"rendered":"Script Supervisor"},"content":{"rendered":"\n<p>Experienced Script Supervisor with 25+ years in broadcast TV and film production. Trusted across drama, comedy and genre television, with extensive credits on BBC, Bad Wolf and Studio Lambert productions. Will travel UK-wide.<br><br><strong>FILM<\/strong><br><br><em><em>JAN \u201826 <\/em><br><\/em><strong>Battle of Barnet<\/strong> \u2013 Script Supervisor (Dailies), Wildwood Productions\u00a0 <br>Line Manager: Sebastian Brown<\/p>\n\n\n\n<p><em>DEC \u201825 <\/em><br><strong>Banquet<\/strong> \u2013 Script Supervisor (second unit), Cochrane Productions&nbsp; <br>Director: Galder Gaztelu Urrutia. PM: Scarlett Murgatroyd<\/p>\n\n\n\n<p><em>OCT \u201825<\/em><br><strong>Chan\u2019s <\/strong>(short film) \u2013 Script Supervisor, 1314 Family Style.&nbsp;<br>Directors: Fanny H\u00f6tzeneder and Jun Ho Chan. Line Producer: Kay Loxley<\/p>\n\n\n\n<p><em>NOV \u2013 DEC \u201824<\/em><br><strong>The Dreadful<\/strong> \u2013 Script Supervisor, Picture Perfect Films<br>Director: Natasha Kermani. Line Producer: Lucinda Thakrar<\/p>\n\n\n\n<p><em>OCT \u2013 NOV \u201823<\/em><br><strong>Surviving Earth<\/strong>\u2013 Script Supervisor, BFI Films<br>Director: Thea Gajic. Producer: Aleksandra Bilic<\/p>\n\n\n\n<p><em>NOV 2021<\/em><br><strong>Landslide<\/strong> (short film) \u2013 Script Supervisor, Little Victories<br>Director: Mimi Templar-Gay. Contact: Ellen Marsh<\/p>\n\n\n\n<p><strong>TELEVISION<\/strong><br><br>JAN  2026 <br><strong>Rivals 2<\/strong>&nbsp; (Second Unit) \u2013 Script Supervisor<br>Director: Jamie Jay Johnson<br>Production Manager: Mike Butler<\/p>\n\n\n\n<p>SEP  2025 <br><strong>Death Valley 2<\/strong>&nbsp; (Dailies) \u2013 Script Supervisor<br>Director: Claire Winyard<br>Producer: Nicky Wilson. Line Producer: Tracey Simpson<\/p>\n\n\n\n<p>JUN \u2013 SEP \u201825 <br><strong>Boarders 3<\/strong> (6 x 50 min by Studio Lambert for BBC Three) \u2013 Script Supervisor<br>Director: Yero Timi-Biu (block 1) Satya Bahba (block 2)<br>Producer: Ali MacPhail. PM: Anna Wilton<\/p>\n\n\n\n<p>JUN \u2013 SEP \u201824 <br><strong>Boarders 2<\/strong> (6 x 50 min by Studio Lambert for BBC Three) \u2013 Script Supervisor<br>Director: Joelle David (block 1), Sarmad Masud (block 2)<br>Producer: Ali MacPhail. PM: Charlotte Taylor<\/p>\n\n\n\n<p>DEC&nbsp; 2023 <br><strong>Mammoth<\/strong> \u2013 Script Supervisor (Second &amp; Main Unit), BBC Studios<br>Director: Simon Hynd. Line Producer: Tracie Simpson<\/p>\n\n\n\n<p>JUN \u2013 SEP \u201823 <br><strong>Boarders<\/strong> (6 x 50 min by Studio Lambert for BBC Three) \u2013 Script Supervisor<br>Director: Ethosheia Hylton (block 1), Sarmad Masud (block 2<br>Producer: Ali MacPhail. PM: Scarlett Murgatroyd<\/p>\n\n\n\n<p>JAN 2023 <br><strong>The Lazarus Project <\/strong>\u2013 Script Supervisor (Second Unit), Urban Myth Films<br>Director: Pier Wilkie. Producer: Ben Greenacre<\/p>\n\n\n\n<p>SEP 2022 <br><strong>The Lazarus Project<\/strong> \u2013 Script Supervisor (Second Unit), Urban Myth Films<br>Director: Carl Tibbetts. PM: Dafydd James Parry<\/p>\n\n\n\n<p>SEP 2022 <br><strong>Champion<\/strong> \u2013 Script Supervisor, New Pictures \/ Balloon<br>Director: Adeyemi Michael. PM: Sioned Edwards<\/p>\n\n\n\n<p>AUG 2022 <br><strong>The Winter King <\/strong>\u2013 Script Supervisor (cover), Bad Wolf<br>Director: Otto Bathurst. PM: David Mack<\/p>\n\n\n\n<p>AUG 2022 <br><strong>The Sixth Commandment <\/strong>\u2013 Script Supervisor (B unit), Wild Mercury<br>Director: Saul Dibb. PM: Kizzy Dahliwal<\/p>\n\n\n\n<p>JUN 2022 <br><strong>Hollyoaks<\/strong> \u2013 Assistant Script Supervisor, Lime Pictures<br>Director: Kodjo Tsakpo. PM: Diane Craven<\/p>\n\n\n\n<p>NOV 2021 <br><strong>Industry 2<\/strong> \u2013 Script Supervisor (B unit), Bad Wolf<br>Director: Caleb Femi. Contact: Rowan Blofeld \/ Simon Morris<\/p>\n\n\n\n<p>AUG &#8211; SEP \u201821 <br><strong>War of the Worlds 3 <\/strong>\u2013 Script Supervisor, Urban Myth Films <br>Director: Indra Siera. Contact: Mike Butler<\/p>\n\n\n\n<p><strong>BBC CASUALTY<\/strong><br><em>Series 40<\/em><br>OCT 2025 &#8211; E29 &amp; E30 &#8211; Director: Paul Murphy.&nbsp; Producer: Jenny Thompson<br>JUN 2025 &#8211; E15 &amp; E16 &#8211; Director: Conor Morrissey.&nbsp; Producer: Erika Hossington<br>FEB 2025 &#8211; E05 &amp; E06 &#8211; Director: Judith Dine.&nbsp; PM: Ceri Hughes<br><em>Series 39<\/em><br>OCT 2024 &#8211; E27 &amp; E28 &#8211; Director: Sean Healy.&nbsp; PM: Ceri Hughes<br>JUN 2024  &#8211; E07 &amp; E08 &#8211; Director: Jamie Arnett.&nbsp; PM: Iolo Rhisiart<br><em>Series 38<\/em><br>JUN 2023 &#8211; E07 &amp; E08 &#8211; Director: Suri Krishnamma.&nbsp; PM: Karen Howard<br>APR 2023 &#8211; E01 &amp; E02 &#8211; Director: Vicki Kisner.&nbsp; PM: Iolo Rhisiart<br><em>Series 37<\/em><br>FEB 2023 &#8211; E36 &amp; E37 &#8211; Director: Conor Morrissey.&nbsp; PM: Karen Howard<br>DEC 2022 &#8211; E28 &amp;E29 &#8211; Director: Thomas Hescott.&nbsp; PM: Karen Howard<br>OCT 2022 &#8211; E24 &amp; E25 &#8211; Director: C\u00f3il\u00edn \u00d3 Scola\u00ed. Producer: Mat McHale<br>JULY 2022  &#8211; E13 &amp; E14 \u2013 Director: Thomas Hescott. Producer: Ian Warren<br>JUN 2022  &#8211; E09 \u2013 Director: Candida Scott Knight. Producer: Pete Levy<br>MAY 2022 &#8211; E05 &amp; E06 \u2013 Director: George Siougas. PM: Karen Howard<br><em>Series 36<\/em><br>MAR 2022 &#8211; E44 &amp; E45 \u2013 Director: Piotr Szkopiak. PM: Karen Howard<br>JAN 2022 &#8211; E37 &amp; E38 \u2013 Director: Amanda Mealing. Producer: Dafydd Llewelyn<br>OCT 2021 &#8211; E25 &amp; E26 \u2013 Director: Matt Hilton. PM: Jess Gardner<\/p>\n","protected":false},"excerpt":{"rendered":"<p>Experienced Script Supervisor with 25+ years in broadcast TV and film production. Trusted across drama, comedy and genre television, with extensive credits on BBC, Bad Wolf and Studio Lambert productions. Will travel UK-wide. FILM JAN \u201826 Battle of Barnet \u2013 Script Supervisor (Dailies), Wildwood Productions\u00a0 Line Manager: Sebastian Brown DEC \u201825 Banquet \u2013 Script Supervisor [&hellip;]<\/p>\n","protected":false},"author":1,"featured_media":0,"parent":0,"menu_order":0,"comment_status":"closed","ping_status":"closed","template":"","meta":{"footnotes":""},"class_list":["post-876","page","type-page","status-publish","hentry"],"blocksy_meta":[],"_links":{"self":[{"href":"https:\/\/www.edwardrussell.co.uk\/index.php?rest_route=\/wp\/v2\/pages\/876","targetHints":{"allow":["GET"]}}],"collection":[{"href":"https:\/\/www.edwardrussell.co.uk\/index.php?rest_route=\/wp\/v2\/pages"}],"about":[{"href":"https:\/\/www.edwardrussell.co.uk\/index.php?rest_route=\/wp\/v2\/types\/page"}],"author":[{"embeddable":true,"href":"https:\/\/www.edwardrussell.co.uk\/index.php?rest_route=\/wp\/v2\/users\/1"}],"replies":[{"embeddable":true,"href":"https:\/\/www.edwardrussell.co.uk\/index.php?rest_route=%2Fwp%2Fv2%2Fcomments&post=876"}],"version-history":[{"count":15,"href":"https:\/\/www.edwardrussell.co.uk\/index.php?rest_route=\/wp\/v2\/pages\/876\/revisions"}],"predecessor-version":[{"id":981,"href":"https:\/\/www.edwardrussell.co.uk\/index.php?rest_route=\/wp\/v2\/pages\/876\/revisions\/981"}],"wp:attachment":[{"href":"https:\/\/www.edwardrussell.co.uk\/index.php?rest_route=%2Fwp%2Fv2%2Fmedia&parent=876"}],"curies":[{"name":"wp","href":"https:\/\/api.w.org\/{rel}","templated":true}]}}